{"id":1129,"date":"2025-03-05T09:40:10","date_gmt":"2025-03-05T09:40:10","guid":{"rendered":"https:\/\/digitalearthafrica.org\/?page_id=1129"},"modified":"2025-05-30T11:17:14","modified_gmt":"2025-05-30T11:17:14","slug":"land-degradation-and-coastal-erosion","status":"publish","type":"page","link":"https:\/\/digitalearthafrica.org\/fr\/land-degradation-and-coastal-erosion\/","title":{"rendered":"D\u00e9gradation des sols et \u00e9rosion c\u00f4ti\u00e8re"},"content":{"rendered":"","protected":false},"excerpt":{"rendered":"","protected":false},"author":2,"featured_media":0,"parent":0,"menu_order":0,"comment_status":"closed","ping_status":"closed","template":"","meta":{"_acf_changed":false,"footnotes":""},"class_list":["post-1129","page","type-page","status-publish","hentry"],"acf":[],"_links":{"self":[{"href":"https:\/\/digitalearthafrica.org\/fr\/wp-json\/wp\/v2\/pages\/1129","targetHints":{"allow":["GET"]}}],"collection":[{"href":"https:\/\/digitalearthafrica.org\/fr\/wp-json\/wp\/v2\/pages"}],"about":[{"href":"https:\/\/digitalearthafrica.org\/fr\/wp-json\/wp\/v2\/types\/page"}],"author":[{"embeddable":true,"href":"https:\/\/digitalearthafrica.org\/fr\/wp-json\/wp\/v2\/users\/2"}],"replies":[{"embeddable":true,"href":"https:\/\/digitalearthafrica.org\/fr\/wp-json\/wp\/v2\/comments?post=1129"}],"version-history":[{"count":41,"href":"https:\/\/digitalearthafrica.org\/fr\/wp-json\/wp\/v2\/pages\/1129\/revisions"}],"predecessor-version":[{"id":4595,"href":"https:\/\/digitalearthafrica.org\/fr\/wp-json\/wp\/v2\/pages\/1129\/revisions\/4595"}],"wp:attachment":[{"href":"https:\/\/digitalearthafrica.org\/fr\/wp-json\/wp\/v2\/media?parent=1129"}],"curies":[{"name":"wp","href":"https:\/\/api.w.org\/{rel}","templated":true}]}}